{"id":13,"date":"2017-03-08T13:55:05","date_gmt":"2017-03-08T13:55:05","guid":{"rendered":"http:\/\/localhost\/wp-themes\/car-repair-services\/?page_id=13"},"modified":"2017-03-08T13:55:05","modified_gmt":"2017-03-08T13:55:05","slug":"services","status":"publish","type":"page","link":"https:\/\/www.garage-ries.lu\/en\/services\/","title":{"rendered":"Services"},"content":{"rendered":"<div class=\"wpb-content-wrapper\"><p>\t\t\t\t[vc_row el_class=&#8221;text-center vehicle-damage&#8221;][vc_column][vc_column_text css=&#8221;.vc_custom_1516676478000{margin-bottom: 40px !important;}&#8221;]<\/p>\n<h2 class=\"h-lg text-center\">What We Do<\/h2>\n<p class=\"info text-center\">We offer full service auto repair &amp; maintenance<\/p>\n<p>[\/vc_column_text]    <div class=\"tab-content\">\n\n                <div class=\"row services-alt tab-pane fade active in\" id=\"services1\">\n                                <!-- post -->\n\n\t\t\t\t\t\n                    <div class=\"services-block-alt col-xs-6 col-sm-6 col-md-4\">\n                                            <div class=\"image\">\n                                                        <a href=\"https:\/\/www.garage-ries.lu\/en\/car-services\/preventative-maintenance-2\/\" class=\"image-scale-color\">\n                                <img loading=\"lazy\" decoding=\"async\" width=\"357\" height=\"242\" src=\"https:\/\/www.garage-ries.lu\/wp-content\/uploads\/2017\/03\/services-img-01-357x242.jpg\" class=\"img-responsive-inline wp-post-image\" alt=\"\" srcset=\"https:\/\/www.garage-ries.lu\/wp-content\/uploads\/2017\/03\/services-img-01-357x242.jpg 357w, https:\/\/www.garage-ries.lu\/wp-content\/uploads\/2017\/03\/services-img-01-300x204.jpg 300w, https:\/\/www.garage-ries.lu\/wp-content\/uploads\/2017\/03\/services-img-01.jpg 370w\" sizes=\"(max-width: 357px) 100vw, 357px\" \/>                            <\/a>\n                                                        \t\t\t\t\t\t\t\t<i class=\"icon icon-oil\"><\/i>\n\t\t\t\t\t\t\t                            \n                        <\/div>\n                        <div class=\"caption\">\n                            <h3 class=\"title\">ENTRETIEN PR\u00c9VENTIF<\/h3>\n                            <div class=\"text\">\n                                La meilleure fa\u00e7on de minimiser les pannes est d'effectuer un entretien de routine                            <\/div>\n                                                            <a href=\"https:\/\/www.garage-ries.lu\/en\/car-services\/preventative-maintenance-2\/\" class=\"services-link icon-arrowhead-pointing-to-the-right\"><\/a>\n                            \n                        <\/div>\n                                            <\/div>\n\t\t\t\t\t\n                                        <!-- post -->\n\n\t\t\t\t\t\n                    <div class=\"services-block-alt col-xs-6 col-sm-6 col-md-4\">\n                                            <div class=\"image\">\n                                                        <a href=\"https:\/\/www.garage-ries.lu\/en\/car-services\/services-moteur\/\" class=\"image-scale-color\">\n                                <img loading=\"lazy\" decoding=\"async\" width=\"357\" height=\"242\" src=\"https:\/\/www.garage-ries.lu\/wp-content\/uploads\/2017\/03\/services-img-05-357x242.jpg\" class=\"img-responsive-inline wp-post-image\" alt=\"\" srcset=\"https:\/\/www.garage-ries.lu\/wp-content\/uploads\/2017\/03\/services-img-05-357x242.jpg 357w, https:\/\/www.garage-ries.lu\/wp-content\/uploads\/2017\/03\/services-img-05-300x204.jpg 300w, https:\/\/www.garage-ries.lu\/wp-content\/uploads\/2017\/03\/services-img-05.jpg 370w\" sizes=\"(max-width: 357px) 100vw, 357px\" \/>                            <\/a>\n                                                        \t\t\t\t\t\t\t\t<i class=\"icon icon-engine\"><\/i>\n\t\t\t\t\t\t\t                            \n                        <\/div>\n                        <div class=\"caption\">\n                            <h3 class=\"title\">SERVICES MOTEUR<\/h3>\n                            <div class=\"text\">\n                                La courroie de distribution est essentielle pour le moteur                            <\/div>\n                                                            <a href=\"https:\/\/www.garage-ries.lu\/en\/car-services\/services-moteur\/\" class=\"services-link icon-arrowhead-pointing-to-the-right\"><\/a>\n                            \n                        <\/div>\n                                            <\/div>\n\t\t\t\t\t\n                                        <!-- post -->\n\n\t\t\t\t\t\n                    <div class=\"services-block-alt col-xs-6 col-sm-6 col-md-4\">\n                                            <div class=\"image\">\n                                                        <a href=\"https:\/\/www.garage-ries.lu\/en\/car-services\/systeme-dechappement\/\" class=\"image-scale-color\">\n                                <img loading=\"lazy\" decoding=\"async\" width=\"357\" height=\"242\" src=\"https:\/\/www.garage-ries.lu\/wp-content\/uploads\/2017\/03\/services-img-06-357x242.jpg\" class=\"img-responsive-inline wp-post-image\" alt=\"\" \/>                            <\/a>\n                                                        \t\t\t\t\t\t\t\t<i class=\"icon icon-exhaust-pipe\"><\/i>\n\t\t\t\t\t\t\t                            \n                        <\/div>\n                        <div class=\"caption\">\n                            <h3 class=\"title\">SYST\u00c8ME D&#8217;\u00c9CHAPPEMENT<\/h3>\n                            <div class=\"text\">\n                                Le syst\u00e8me d'\u00e9chappement permet d'\u00e9vacuer les gaz de combustion du moteur vers l'ext\u00e9rieur du v\u00e9hicule                            <\/div>\n                                                            <a href=\"https:\/\/www.garage-ries.lu\/en\/car-services\/systeme-dechappement\/\" class=\"services-link icon-arrowhead-pointing-to-the-right\"><\/a>\n                            \n                        <\/div>\n                                            <\/div>\n\t\t\t\t\t\n                                        <!-- post -->\n\n\t\t\t\t\t\n                    <div class=\"services-block-alt col-xs-6 col-sm-6 col-md-4\">\n                                            <div class=\"image\">\n                                                        <a href=\"https:\/\/www.garage-ries.lu\/en\/car-services\/reparation-et-entretien-des-freins\/\" class=\"image-scale-color\">\n                                <img loading=\"lazy\" decoding=\"async\" width=\"357\" height=\"242\" src=\"https:\/\/www.garage-ries.lu\/wp-content\/uploads\/2017\/03\/service-6-bg-357x242.jpg\" class=\"img-responsive-inline wp-post-image\" alt=\"\" \/>                            <\/a>\n                                                        \t\t\t\t\t\t\t\t<i class=\"icon icon-disc-brake\"><\/i>\n\t\t\t\t\t\t\t                            \n                        <\/div>\n                        <div class=\"caption\">\n                            <h3 class=\"title\">R\u00c9PARATION ET ENTRETIEN DES FREINS, PNEUS ET ROUES<\/h3>\n                            <div class=\"text\">\n                                Les freins s'usent avec le temps et n\u00e9cessitent un entretien. L'entretien de ses roues ne consiste pas simplement \u00e0 s'assurer de leur bon \u00e9tat : il faut aussi v\u00e9rifier leur parall\u00e9lisme                            <\/div>\n                                                            <a href=\"https:\/\/www.garage-ries.lu\/en\/car-services\/reparation-et-entretien-des-freins\/\" class=\"services-link icon-arrowhead-pointing-to-the-right\"><\/a>\n                            \n                        <\/div>\n                                            <\/div>\n\t\t\t\t\t\n                                        <!-- post -->\n\n\t\t\t\t\t\n                    <div class=\"services-block-alt col-xs-6 col-sm-6 col-md-4\">\n                                            <div class=\"image\">\n                                                        <a href=\"https:\/\/www.garage-ries.lu\/en\/car-services\/service-de-transmission-et-reparation\/\" class=\"image-scale-color\">\n                                <img loading=\"lazy\" decoding=\"async\" width=\"357\" height=\"242\" src=\"https:\/\/www.garage-ries.lu\/wp-content\/uploads\/2017\/03\/services-img-03-357x242.jpg\" class=\"img-responsive-inline wp-post-image\" alt=\"\" srcset=\"https:\/\/www.garage-ries.lu\/wp-content\/uploads\/2017\/03\/services-img-03-357x242.jpg 357w, https:\/\/www.garage-ries.lu\/wp-content\/uploads\/2017\/03\/services-img-03-300x204.jpg 300w, https:\/\/www.garage-ries.lu\/wp-content\/uploads\/2017\/03\/services-img-03.jpg 370w\" sizes=\"(max-width: 357px) 100vw, 357px\" \/>                            <\/a>\n                                                        \t\t\t\t\t\t\t\t<i class=\"icon icon-gearshift\"><\/i>\n\t\t\t\t\t\t\t                            \n                        <\/div>\n                        <div class=\"caption\">\n                            <h3 class=\"title\">SERVICE DE TRANSMISSION ET R\u00c9PARATION<\/h3>\n                            <div class=\"text\">\n                                La transmission est un composant compliqu\u00e9 et important de votre voiture                            <\/div>\n                                                            <a href=\"https:\/\/www.garage-ries.lu\/en\/car-services\/service-de-transmission-et-reparation\/\" class=\"services-link icon-arrowhead-pointing-to-the-right\"><\/a>\n                            \n                        <\/div>\n                                            <\/div>\n\t\t\t\t\t\n                                        <!-- post -->\n\n\t\t\t\t\t\n                    <div class=\"services-block-alt col-xs-6 col-sm-6 col-md-4\">\n                                            <div class=\"image\">\n                                                        <a href=\"https:\/\/www.garage-ries.lu\/en\/car-services\/carrosserie\/\" class=\"image-scale-color\">\n                                <img loading=\"lazy\" decoding=\"async\" width=\"357\" height=\"242\" src=\"https:\/\/www.garage-ries.lu\/wp-content\/uploads\/2017\/03\/carrosserie-357x242.jpg\" class=\"img-responsive-inline wp-post-image\" alt=\"\" srcset=\"https:\/\/www.garage-ries.lu\/wp-content\/uploads\/2017\/03\/carrosserie-357x242.jpg 357w, https:\/\/www.garage-ries.lu\/wp-content\/uploads\/2017\/03\/carrosserie-300x204.jpg 300w, https:\/\/www.garage-ries.lu\/wp-content\/uploads\/2017\/03\/carrosserie.jpg 370w\" sizes=\"(max-width: 357px) 100vw, 357px\" \/>                            <\/a>\n                                                        \t\t\t\t\t\t\t\t<i class=\"icon icon-car-wheel\"><\/i>\n\t\t\t\t\t\t\t                            \n                        <\/div>\n                        <div class=\"caption\">\n                            <h3 class=\"title\">CARROSSERIE<\/h3>\n                            <div class=\"text\">\n                                Votre carrosserie repr\u00e9sente l\u2019aspect ext\u00e9rieur de votre v\u00e9hicule. Sa protection est donc essentielle pour l\u2019entretien et l\u2019apparence de votre v\u00e9hicule                            <\/div>\n                                                            <a href=\"https:\/\/www.garage-ries.lu\/en\/car-services\/carrosserie\/\" class=\"services-link icon-arrowhead-pointing-to-the-right\"><\/a>\n                            \n                        <\/div>\n                                            <\/div>\n\t\t\t\t\t\n                                    <!-- post navigation -->\n            <\/div> <!--.services-alt-->\n        <\/div><!--.tab-content-->\n           \n    \n    [vc_column_text css=&#8221;.vc_custom_1497078484481{padding-top: 30px !important;}&#8221;]<\/p>\n<div class=\"text-center\">\n<h2 class=\"h-lg\">Vehicle damage? <span class=\"color\">We&#8217;ll fix it<\/span><\/h2>\n<p class=\"info\">We specialise in repairing accident damage to vehicles. In fact, we&#8217;re the second largest accident damage repair network.<\/p>\n<h2 class=\"h-phone\">Call: 1-800-123-4567<\/h2>\n<\/div>\n<p>[\/vc_column_text]                                <a href=\"http:\/\/localhost:8888\/wp-themes\/car-repair-services\/contacts\/\"   class=\"btn btn-invert\" rel=\"\"  >\n            NEED HELP?        <\/a>\n        [vc_empty_space][\/vc_column][\/vc_row][vc_row full_width=&#8221;stretch_row&#8221; el_class=&#8221;block bg-1 service-page-services&#8221; css=&#8221;.vc_custom_1543472313481{background-image: url(http:\/\/smartdata.tonytemplates.com\/car-repair-service\/car2\/wp-content\/uploads\/sites\/6\/2017\/03\/block-bg-1-1.jpg?id=1222) !important;}&#8221;][vc_column][vc_column_text]<\/p>\n<h2 class=\"h-lg text-center\">Our <span class=\"color\">Services<\/span><\/h2>\n<p class=\"info text-center\">Below are some of the many auto repair services we offer:<\/p>\n<p>[\/vc_column_text][vc_row_inner][vc_column_inner width=&#8221;1\/2&#8243; offset=&#8221;vc_col-md-4&#8243; css=&#8221;.vc_custom_1512554285898{margin-bottom: 0px !important;}&#8221;][vc_column_text css=&#8221;.vc_custom_1512554357404{margin-bottom: 0px !important;}&#8221;]<\/p>\n<ul class=\"marker-list\">\n<li>FREE Loaner Cars<\/li>\n<li>FREE Shuttle Service<\/li>\n<li>General Auto Repair &amp; Maintenance<\/li>\n<li>Transmission Repair &amp; Replacement<\/li>\n<li>Manufacturer Recommended Service<\/li>\n<li>Brake Repair and Replacement<\/li>\n<li>Air Conditioning A\/C Repair<\/li>\n<li>Tire Repair and Replacement<\/li>\n<\/ul>\n<p>[\/vc_column_text][\/vc_column_inner][vc_column_inner width=&#8221;1\/2&#8243; offset=&#8221;vc_col-md-4&#8243; css=&#8221;.vc_custom_1512554292882{margin-bottom: 0px !important;}&#8221;][vc_column_text css=&#8221;.vc_custom_1512554364709{margin-bottom: 0px !important;}&#8221;]<\/p>\n<div class=\"view-more-mobile\">\n<ul class=\"marker-list\">\n<li>Fuel System Repair<\/li>\n<li>Exhaust System Repair<\/li>\n<li>Engine Cooling System Maintenance<\/li>\n<li>Electrical Diagnostics<\/li>\n<li>Starting and Charging Repair<\/li>\n<li>Wheel Alignment<\/li>\n<li>CV Axles<\/li>\n<li>Computer Diagnostic Testing<\/li>\n<\/ul>\n<\/div>\n<p>[\/vc_column_text][\/vc_column_inner][vc_column_inner width=&#8221;1\/2&#8243; offset=&#8221;vc_col-md-4&#8243; css=&#8221;.vc_custom_1512554300673{margin-bottom: 0px !important;}&#8221;][vc_column_text css=&#8221;.vc_custom_1512554372677{margin-bottom: 0px !important;}&#8221;]<\/p>\n<div class=\"view-more-mobile view-more-tablet\">\n<ul class=\"marker-list\">\n<li>Vehicle Preventative Maintenance<\/li>\n<li>State Emissions Inspection<\/li>\n<li>Emission Repair Facility<\/li>\n<li>Tune Up<\/li>\n<li>Oil Change<\/li>\n<li>Brake Job \/ Brake Service<\/li>\n<li>Engine Cooling System Flush &amp; Repair<\/li>\n<li>Steering and Suspension Work<\/li>\n<\/ul>\n<\/div>\n<p>[\/vc_column_text][\/vc_column_inner][\/vc_row_inner][vc_column_text el_class=&#8221;text-center&#8221; css=&#8221;.vc_custom_1513060709621{margin-bottom: 0px !important;}&#8221;]<\/p>\n<div class=\"text-center\"><a class=\"view-more-link color\" href=\"#slideMobile\"><span class=\"more\">All Services<\/span><span class=\"less\">Hide All Services<\/span><\/a><\/div>\n<p>[\/vc_column_text][\/vc_column][\/vc_row][vc_row css=&#8221;.vc_custom_1513071360349{margin-top: -40px !important;}&#8221; el_class=&#8221;text-center services-pages-txt service-page-quality-car&#8221;][vc_column][vc_column_text]<\/p>\n<div class=\"text-center\">\n<h2 class=\"h-lg\">Want to Get <span class=\"color\">Quality Car Repair<\/span> or Maintenance<\/h2>\n<p class=\"info\">Find out How Much Cost Services of Car Repair Service<\/p>\n<\/div>\n<p>[\/vc_column_text]        <a class=\"btn btn-invert\" href=\"#\" data-toggle=\"modal\" data-target=\"#appointmentForm\"><span>APPOINTMENT<\/span><\/a>\n        \n\n\n        <div class=\"form-popup-wrap\">\n            <a class=\"btn  form-popup-link\" href=\"#\"><span>GET QUOTE<\/span><\/a>\n            <div class=\"form-popup form-popup-top\">\n               <div class=\"quote-form\">\n                    <p class=\"wpcf7-contact-form-not-found\"><strong>Error:<\/strong> Contact form not found.<\/p>               <\/div>\n            <\/div>\n        <\/div>\n        [\/vc_column][\/vc_row]\t\t<\/p>\n<\/div>","protected":false},"excerpt":{"rendered":"<p>[vc_row el_class=&#8221;text-center vehicle-damage&#8221;][vc_column][vc_column_text css=&#8221;.vc_custom_1516676478000{margin-bottom: 40px !important;}&#8221;] What We Do We offer full service auto repair &amp; maintenance [\/vc_column_text][vc_column_text css=&#8221;.vc_custom_1497078484481{padding-top: 30px !important;}&#8221;] Vehicle damage? We&#8217;ll fix it We specialise in repairing accident damage to vehicles. In fact, we&#8217;re the second largest accident damage repair network. Call: 1-800-123-4567 [\/vc_column_text][vc_empty_space][\/vc_column][\/vc_row][vc_row full_width=&#8221;stretch_row&#8221; el_class=&#8221;block bg-1 service-page-services&#8221; css=&#8221;.vc_custom_1543472313481{background-image: url(http:\/\/smartdata.tonytemplates.com\/car-repair-service\/car2\/wp-content\/uploads\/sites\/6\/2017\/03\/block-bg-1-1.jpg?id=1222) !important;}&#8221;][vc_column][vc_column_text] Our&#8230;<\/p>\n","protected":false},"author":1,"featured_media":0,"parent":0,"menu_order":0,"comment_status":"closed","ping_status":"closed","template":"","meta":{"footnotes":""},"yoast_head":"<!-- This site is optimized with the Yoast SEO plugin v21.9.1 - https:\/\/yoast.com\/wordpress\/plugins\/seo\/ -->\n<title>Services - Garage Ries<\/title>\n<meta name=\"robots\" content=\"index, follow, max-snippet:-1, max-image-preview:large, max-video-preview:-1\" \/>\n<link rel=\"canonical\" href=\"https:\/\/www.garage-ries.lu\/services\/\" \/>\n<meta property=\"og:locale\" content=\"en_US\" \/>\n<meta property=\"og:type\" content=\"article\" \/>\n<meta property=\"og:title\" content=\"Services - Garage Ries\" \/>\n<meta property=\"og:description\" content=\"[vc_row el_class=&#8221;text-center vehicle-damage&#8221;][vc_column][vc_column_text css=&#8221;.vc_custom_1516676478000{margin-bottom: 40px !important;}&#8221;] What We Do We offer full service auto repair &amp; maintenance [\/vc_column_text][vc_column_text css=&#8221;.vc_custom_1497078484481{padding-top: 30px !important;}&#8221;] Vehicle damage? We&#8217;ll fix it We specialise in repairing accident damage to vehicles. In fact, we&#8217;re the second largest accident damage repair network. Call: 1-800-123-4567 [\/vc_column_text][vc_empty_space][\/vc_column][\/vc_row][vc_row full_width=&#8221;stretch_row&#8221; el_class=&#8221;block bg-1 service-page-services&#8221; css=&#8221;.vc_custom_1543472313481{background-image: url(http:\/\/smartdata.tonytemplates.com\/car-repair-service\/car2\/wp-content\/uploads\/sites\/6\/2017\/03\/block-bg-1-1.jpg?id=1222) !important;}&#8221;][vc_column][vc_column_text] Our...\" \/>\n<meta property=\"og:url\" content=\"https:\/\/www.garage-ries.lu\/services\/\" \/>\n<meta property=\"og:site_name\" content=\"Garage Ries\" \/>\n<meta name=\"twitter:card\" content=\"summary_large_image\" \/>\n<meta name=\"twitter:label1\" content=\"Est. reading time\" \/>\n\t<meta name=\"twitter:data1\" content=\"2 minutes\" \/>\n<script type=\"application\/ld+json\" class=\"yoast-schema-graph\">{\"@context\":\"https:\/\/schema.org\",\"@graph\":[{\"@type\":\"WebPage\",\"@id\":\"https:\/\/www.garage-ries.lu\/services\/\",\"url\":\"https:\/\/www.garage-ries.lu\/services\/\",\"name\":\"Services - Garage Ries\",\"isPartOf\":{\"@id\":\"https:\/\/www.garage-ries.lu\/#website\"},\"datePublished\":\"2017-03-08T13:55:05+00:00\",\"dateModified\":\"2017-03-08T13:55:05+00:00\",\"breadcrumb\":{\"@id\":\"https:\/\/www.garage-ries.lu\/services\/#breadcrumb\"},\"inLanguage\":\"en-US\",\"potentialAction\":[{\"@type\":\"ReadAction\",\"target\":[\"https:\/\/www.garage-ries.lu\/services\/\"]}]},{\"@type\":\"BreadcrumbList\",\"@id\":\"https:\/\/www.garage-ries.lu\/services\/#breadcrumb\",\"itemListElement\":[{\"@type\":\"ListItem\",\"position\":1,\"name\":\"Home\",\"item\":\"https:\/\/www.garage-ries.lu\/en\/\"},{\"@type\":\"ListItem\",\"position\":2,\"name\":\"Services\"}]},{\"@type\":\"WebSite\",\"@id\":\"https:\/\/www.garage-ries.lu\/#website\",\"url\":\"https:\/\/www.garage-ries.lu\/\",\"name\":\"Garage Ries\",\"description\":\"\",\"potentialAction\":[{\"@type\":\"SearchAction\",\"target\":{\"@type\":\"EntryPoint\",\"urlTemplate\":\"https:\/\/www.garage-ries.lu\/?s={search_term_string}\"},\"query-input\":\"required name=search_term_string\"}],\"inLanguage\":\"en-US\"}]}<\/script>\n<!-- \/ Yoast SEO plugin. -->","yoast_head_json":{"title":"Services - Garage Ries","robots":{"index":"index","follow":"follow","max-snippet":"max-snippet:-1","max-image-preview":"max-image-preview:large","max-video-preview":"max-video-preview:-1"},"canonical":"https:\/\/www.garage-ries.lu\/services\/","og_locale":"en_US","og_type":"article","og_title":"Services - Garage Ries","og_description":"[vc_row el_class=&#8221;text-center vehicle-damage&#8221;][vc_column][vc_column_text css=&#8221;.vc_custom_1516676478000{margin-bottom: 40px !important;}&#8221;] What We Do We offer full service auto repair &amp; maintenance [\/vc_column_text][vc_column_text css=&#8221;.vc_custom_1497078484481{padding-top: 30px !important;}&#8221;] Vehicle damage? We&#8217;ll fix it We specialise in repairing accident damage to vehicles. In fact, we&#8217;re the second largest accident damage repair network. Call: 1-800-123-4567 [\/vc_column_text][vc_empty_space][\/vc_column][\/vc_row][vc_row full_width=&#8221;stretch_row&#8221; el_class=&#8221;block bg-1 service-page-services&#8221; css=&#8221;.vc_custom_1543472313481{background-image: url(http:\/\/smartdata.tonytemplates.com\/car-repair-service\/car2\/wp-content\/uploads\/sites\/6\/2017\/03\/block-bg-1-1.jpg?id=1222) !important;}&#8221;][vc_column][vc_column_text] Our...","og_url":"https:\/\/www.garage-ries.lu\/services\/","og_site_name":"Garage Ries","twitter_card":"summary_large_image","twitter_misc":{"Est. reading time":"2 minutes"},"schema":{"@context":"https:\/\/schema.org","@graph":[{"@type":"WebPage","@id":"https:\/\/www.garage-ries.lu\/services\/","url":"https:\/\/www.garage-ries.lu\/services\/","name":"Services - Garage Ries","isPartOf":{"@id":"https:\/\/www.garage-ries.lu\/#website"},"datePublished":"2017-03-08T13:55:05+00:00","dateModified":"2017-03-08T13:55:05+00:00","breadcrumb":{"@id":"https:\/\/www.garage-ries.lu\/services\/#breadcrumb"},"inLanguage":"en-US","potentialAction":[{"@type":"ReadAction","target":["https:\/\/www.garage-ries.lu\/services\/"]}]},{"@type":"BreadcrumbList","@id":"https:\/\/www.garage-ries.lu\/services\/#breadcrumb","itemListElement":[{"@type":"ListItem","position":1,"name":"Home","item":"https:\/\/www.garage-ries.lu\/en\/"},{"@type":"ListItem","position":2,"name":"Services"}]},{"@type":"WebSite","@id":"https:\/\/www.garage-ries.lu\/#website","url":"https:\/\/www.garage-ries.lu\/","name":"Garage Ries","description":"","potentialAction":[{"@type":"SearchAction","target":{"@type":"EntryPoint","urlTemplate":"https:\/\/www.garage-ries.lu\/?s={search_term_string}"},"query-input":"required name=search_term_string"}],"inLanguage":"en-US"}]}},"_links":{"self":[{"href":"https:\/\/www.garage-ries.lu\/en\/wp-json\/wp\/v2\/pages\/13"}],"collection":[{"href":"https:\/\/www.garage-ries.lu\/en\/wp-json\/wp\/v2\/pages"}],"about":[{"href":"https:\/\/www.garage-ries.lu\/en\/wp-json\/wp\/v2\/types\/page"}],"author":[{"embeddable":true,"href":"https:\/\/www.garage-ries.lu\/en\/wp-json\/wp\/v2\/users\/1"}],"replies":[{"embeddable":true,"href":"https:\/\/www.garage-ries.lu\/en\/wp-json\/wp\/v2\/comments?post=13"}],"version-history":[{"count":0,"href":"https:\/\/www.garage-ries.lu\/en\/wp-json\/wp\/v2\/pages\/13\/revisions"}],"wp:attachment":[{"href":"https:\/\/www.garage-ries.lu\/en\/wp-json\/wp\/v2\/media?parent=13"}],"curies":[{"name":"wp","href":"https:\/\/api.w.org\/{rel}","templated":true}]}}